{"id":5181,"date":"2021-05-20T15:48:52","date_gmt":"2021-05-20T15:48:52","guid":{"rendered":"https:\/\/mobelmol.mmkt.dev\/?page_id=5181"},"modified":"2022-03-06T16:08:39","modified_gmt":"2022-03-06T16:08:39","slug":"catalogo-prescripcion-tablero-fenolico","status":"publish","type":"page","link":"https:\/\/www.mobelmol.com\/es\/catalogo-prescripcion-tablero-fenolico\/","title":{"rendered":"Cat\u00e1logo prescripci\u00f3n"},"content":{"rendered":"\t\t<div data-elementor-type=\"wp-page\" data-elementor-id=\"5181\" class=\"elementor elementor-5181\" data-elementor-settings=\"[]\">\n\t\t\t\t\t\t\t<div class=\"elementor-section-wrap\">\n\t\t\t\t\t\t\t<section class=\"elementor-section elementor-top-section elementor-element elementor-element-26f31a9 elementor-section-full_width elementor-section-stretched elementor-section-height-default elementor-section-height-default\" data-id=\"26f31a9\" data-element_type=\"section\" data-settings=\"{&quot;stretch_section&quot;:&quot;section-stretched&quot;,&quot;_ha_eqh_enable&quot;:false}\">\n\t\t\t\t\t\t<div class=\"elementor-container elementor-column-gap-default\">\n\t\t\t\t\t<div class=\"elementor-column elementor-col-100 elementor-top-column elementor-element elementor-element-81956a8\" data-id=\"81956a8\" data-element_type=\"column\">\n\t\t\t<div class=\"elementor-widget-wrap elementor-element-populated\">\n\t\t\t\t\t\t\t\t<div class=\"elementor-element elementor-element-d21472e elementor-widget elementor-widget-html\" data-id=\"d21472e\" data-element_type=\"widget\" data-widget_type=\"html.default\">\n\t\t\t\t<div class=\"elementor-widget-container\">\n\t\t\t<object type=\"text\/html\" data=\"https:\/\/www.construnario.com\/catalogo\/mobel-mol-sl\/productos?marco=sli\"\r\nwidth=\"100%\" height=\"800\"><\/object>\t\t<\/div>\n\t\t\t\t<\/div>\n\t\t\t\t\t<\/div>\n\t\t<\/div>\n\t\t\t\t\t\t\t<\/div>\n\t\t<\/section>\n\t\t\t\t\t\t<\/div>\n\t\t\t\t\t<\/div>\n\t\t","protected":false},"excerpt":{"rendered":"","protected":false},"author":1,"featured_media":0,"parent":0,"menu_order":0,"comment_status":"closed","ping_status":"closed","template":"","meta":{"footnotes":""},"class_list":["post-5181","page","type-page","status-publish","hentry"],"acf":[],"yoast_head":"<!-- This site is optimized with the Yoast SEO plugin v17.8 - https:\/\/yoast.com\/wordpress\/plugins\/seo\/ -->\n<title>Catalogo Equipamiento Tablero Fen\u00f3lico para construcci\u00f3n \u2013 Mobelmol<\/title>\n<meta name=\"description\" content=\"Cat\u00e1logo de productos con Tablero Fen\u00f3lico y otros materiales de alta calidad de Moblemol. Construcci\u00f3n con fen\u00f3lico a medida de cualidad.\" \/>\n<meta name=\"robots\" content=\"index, follow, max-snippet:-1, max-image-preview:large, max-video-preview:-1\" \/>\n<link rel=\"canonical\" href=\"https:\/\/www.mobelmol.com\/es\/catalogo-prescripcion-tablero-fenolico\/\" \/>\n<meta property=\"og:locale\" content=\"es_ES\" \/>\n<meta property=\"og:type\" content=\"article\" \/>\n<meta property=\"og:title\" content=\"Catalogo Equipamiento Tablero Fen\u00f3lico para construcci\u00f3n \u2013 Mobelmol\" \/>\n<meta property=\"og:description\" content=\"Cat\u00e1logo de productos con Tablero Fen\u00f3lico y otros materiales de alta calidad de Moblemol. Construcci\u00f3n con fen\u00f3lico a medida de cualidad.\" \/>\n<meta property=\"og:url\" content=\"https:\/\/www.mobelmol.com\/es\/catalogo-prescripcion-tablero-fenolico\/\" \/>\n<meta property=\"og:site_name\" content=\"Mobelmol\" \/>\n<meta property=\"article:modified_time\" content=\"2022-03-06T16:08:39+00:00\" \/>\n<meta name=\"twitter:card\" content=\"summary_large_image\" \/>\n<script type=\"application\/ld+json\" class=\"yoast-schema-graph\">{\"@context\":\"https:\/\/schema.org\",\"@graph\":[{\"@type\":\"Organization\",\"@id\":\"https:\/\/www.mobelmol.com\/es\/#organization\",\"name\":\"Mobelmol\",\"url\":\"https:\/\/www.mobelmol.com\/es\/\",\"sameAs\":[],\"logo\":{\"@type\":\"ImageObject\",\"@id\":\"https:\/\/www.mobelmol.com\/es\/#logo\",\"inLanguage\":\"es\",\"url\":\"https:\/\/www.mobelmol.com\/wp-content\/uploads\/2021\/05\/lgo-mobelmol.svg\",\"contentUrl\":\"https:\/\/www.mobelmol.com\/wp-content\/uploads\/2021\/05\/lgo-mobelmol.svg\",\"width\":100,\"height\":100,\"caption\":\"Mobelmol\"},\"image\":{\"@id\":\"https:\/\/www.mobelmol.com\/es\/#logo\"}},{\"@type\":\"WebSite\",\"@id\":\"https:\/\/www.mobelmol.com\/es\/#website\",\"url\":\"https:\/\/www.mobelmol.com\/es\/\",\"name\":\"Mobelmol\",\"description\":\"Fabricaci\\u00f3n e instalaci\\u00f3n de equipamiento y mobiliario con panel compacto\",\"publisher\":{\"@id\":\"https:\/\/www.mobelmol.com\/es\/#organization\"},\"potentialAction\":[{\"@type\":\"SearchAction\",\"target\":{\"@type\":\"EntryPoint\",\"urlTemplate\":\"https:\/\/www.mobelmol.com\/es\/?s={search_term_string}\"},\"query-input\":\"required name=search_term_string\"}],\"inLanguage\":\"es\"},{\"@type\":\"WebPage\",\"@id\":\"https:\/\/www.mobelmol.com\/es\/catalogo-prescripcion-tablero-fenolico\/#webpage\",\"url\":\"https:\/\/www.mobelmol.com\/es\/catalogo-prescripcion-tablero-fenolico\/\",\"name\":\"Catalogo Equipamiento Tablero Fen\\u00f3lico para construcci\\u00f3n \\u2013 Mobelmol\",\"isPartOf\":{\"@id\":\"https:\/\/www.mobelmol.com\/es\/#website\"},\"datePublished\":\"2021-05-20T15:48:52+00:00\",\"dateModified\":\"2022-03-06T16:08:39+00:00\",\"description\":\"Cat\\u00e1logo de productos con Tablero Fen\\u00f3lico y otros materiales de alta calidad de Moblemol. Construcci\\u00f3n con fen\\u00f3lico a medida de cualidad.\",\"breadcrumb\":{\"@id\":\"https:\/\/www.mobelmol.com\/es\/catalogo-prescripcion-tablero-fenolico\/#breadcrumb\"},\"inLanguage\":\"es\",\"potentialAction\":[{\"@type\":\"ReadAction\",\"target\":[\"https:\/\/www.mobelmol.com\/es\/catalogo-prescripcion-tablero-fenolico\/\"]}]},{\"@type\":\"BreadcrumbList\",\"@id\":\"https:\/\/www.mobelmol.com\/es\/catalogo-prescripcion-tablero-fenolico\/#breadcrumb\",\"itemListElement\":[{\"@type\":\"ListItem\",\"position\":1,\"name\":\"Portada\",\"item\":\"https:\/\/www.mobelmol.com\/es\/\"},{\"@type\":\"ListItem\",\"position\":2,\"name\":\"Cat\\u00e1logo prescripci\\u00f3n\"}]}]}<\/script>\n<!-- \/ Yoast SEO plugin. -->","yoast_head_json":{"title":"Catalogo Equipamiento Tablero Fen\u00f3lico para construcci\u00f3n \u2013 Mobelmol","description":"Cat\u00e1logo de productos con Tablero Fen\u00f3lico y otros materiales de alta calidad de Moblemol. Construcci\u00f3n con fen\u00f3lico a medida de cualidad.","robots":{"index":"index","follow":"follow","max-snippet":"max-snippet:-1","max-image-preview":"max-image-preview:large","max-video-preview":"max-video-preview:-1"},"canonical":"https:\/\/www.mobelmol.com\/es\/catalogo-prescripcion-tablero-fenolico\/","og_locale":"es_ES","og_type":"article","og_title":"Catalogo Equipamiento Tablero Fen\u00f3lico para construcci\u00f3n \u2013 Mobelmol","og_description":"Cat\u00e1logo de productos con Tablero Fen\u00f3lico y otros materiales de alta calidad de Moblemol. Construcci\u00f3n con fen\u00f3lico a medida de cualidad.","og_url":"https:\/\/www.mobelmol.com\/es\/catalogo-prescripcion-tablero-fenolico\/","og_site_name":"Mobelmol","article_modified_time":"2022-03-06T16:08:39+00:00","twitter_card":"summary_large_image","schema":{"@context":"https:\/\/schema.org","@graph":[{"@type":"Organization","@id":"https:\/\/www.mobelmol.com\/es\/#organization","name":"Mobelmol","url":"https:\/\/www.mobelmol.com\/es\/","sameAs":[],"logo":{"@type":"ImageObject","@id":"https:\/\/www.mobelmol.com\/es\/#logo","inLanguage":"es","url":"https:\/\/www.mobelmol.com\/wp-content\/uploads\/2021\/05\/lgo-mobelmol.svg","contentUrl":"https:\/\/www.mobelmol.com\/wp-content\/uploads\/2021\/05\/lgo-mobelmol.svg","width":100,"height":100,"caption":"Mobelmol"},"image":{"@id":"https:\/\/www.mobelmol.com\/es\/#logo"}},{"@type":"WebSite","@id":"https:\/\/www.mobelmol.com\/es\/#website","url":"https:\/\/www.mobelmol.com\/es\/","name":"Mobelmol","description":"Fabricaci\u00f3n e instalaci\u00f3n de equipamiento y mobiliario con panel compacto","publisher":{"@id":"https:\/\/www.mobelmol.com\/es\/#organization"},"potentialAction":[{"@type":"SearchAction","target":{"@type":"EntryPoint","urlTemplate":"https:\/\/www.mobelmol.com\/es\/?s={search_term_string}"},"query-input":"required name=search_term_string"}],"inLanguage":"es"},{"@type":"WebPage","@id":"https:\/\/www.mobelmol.com\/es\/catalogo-prescripcion-tablero-fenolico\/#webpage","url":"https:\/\/www.mobelmol.com\/es\/catalogo-prescripcion-tablero-fenolico\/","name":"Catalogo Equipamiento Tablero Fen\u00f3lico para construcci\u00f3n \u2013 Mobelmol","isPartOf":{"@id":"https:\/\/www.mobelmol.com\/es\/#website"},"datePublished":"2021-05-20T15:48:52+00:00","dateModified":"2022-03-06T16:08:39+00:00","description":"Cat\u00e1logo de productos con Tablero Fen\u00f3lico y otros materiales de alta calidad de Moblemol. Construcci\u00f3n con fen\u00f3lico a medida de cualidad.","breadcrumb":{"@id":"https:\/\/www.mobelmol.com\/es\/catalogo-prescripcion-tablero-fenolico\/#breadcrumb"},"inLanguage":"es","potentialAction":[{"@type":"ReadAction","target":["https:\/\/www.mobelmol.com\/es\/catalogo-prescripcion-tablero-fenolico\/"]}]},{"@type":"BreadcrumbList","@id":"https:\/\/www.mobelmol.com\/es\/catalogo-prescripcion-tablero-fenolico\/#breadcrumb","itemListElement":[{"@type":"ListItem","position":1,"name":"Portada","item":"https:\/\/www.mobelmol.com\/es\/"},{"@type":"ListItem","position":2,"name":"Cat\u00e1logo prescripci\u00f3n"}]}]}},"_links":{"self":[{"href":"https:\/\/www.mobelmol.com\/es\/wp-json\/wp\/v2\/pages\/5181","targetHints":{"allow":["GET"]}}],"collection":[{"href":"https:\/\/www.mobelmol.com\/es\/wp-json\/wp\/v2\/pages"}],"about":[{"href":"https:\/\/www.mobelmol.com\/es\/wp-json\/wp\/v2\/types\/page"}],"author":[{"embeddable":true,"href":"https:\/\/www.mobelmol.com\/es\/wp-json\/wp\/v2\/users\/1"}],"replies":[{"embeddable":true,"href":"https:\/\/www.mobelmol.com\/es\/wp-json\/wp\/v2\/comments?post=5181"}],"version-history":[{"count":1,"href":"https:\/\/www.mobelmol.com\/es\/wp-json\/wp\/v2\/pages\/5181\/revisions"}],"predecessor-version":[{"id":8362,"href":"https:\/\/www.mobelmol.com\/es\/wp-json\/wp\/v2\/pages\/5181\/revisions\/8362"}],"wp:attachment":[{"href":"https:\/\/www.mobelmol.com\/es\/wp-json\/wp\/v2\/media?parent=5181"}],"curies":[{"name":"wp","href":"https:\/\/api.w.org\/{rel}","templated":true}]}}