{"id":5933,"date":"2021-09-07T08:31:18","date_gmt":"2021-09-07T08:31:18","guid":{"rendered":"https:\/\/mobelmol.mmkt.dev\/?page_id=5933"},"modified":"2022-03-10T14:47:36","modified_gmt":"2022-03-10T14:47:36","slug":"herrajes-para-cabinas-sanitarias","status":"publish","type":"page","link":"https:\/\/www.mobelmol.com\/es\/datos-tecnicos\/herrajes-para-cabinas-sanitarias\/","title":{"rendered":"Herrajes cabinas"},"content":{"rendered":"\t\t<div data-elementor-type=\"wp-page\" data-elementor-id=\"5933\" class=\"elementor elementor-5933\" data-elementor-settings=\"[]\">\n\t\t\t\t\t\t\t<div class=\"elementor-section-wrap\">\n\t\t\t\t\t\t\t<section class=\"elementor-section elementor-top-section elementor-element elementor-element-e6d781a elementor-section-boxed elementor-section-height-default elementor-section-height-default\" data-id=\"e6d781a\" data-element_type=\"section\" data-settings=\"{&quot;_ha_eqh_enable&quot;:false}\">\n\t\t\t\t\t\t<div class=\"elementor-container elementor-column-gap-default\">\n\t\t\t\t\t<div class=\"elementor-column elementor-col-50 elementor-top-column elementor-element elementor-element-66476a2\" data-id=\"66476a2\" data-element_type=\"column\">\n\t\t\t<div class=\"elementor-widget-wrap elementor-element-populated\">\n\t\t\t\t\t\t\t\t<div class=\"elementor-element elementor-element-ce45d0e elementor-view-default elementor-widget elementor-widget-icon\" data-id=\"ce45d0e\" data-element_type=\"widget\" data-widget_type=\"icon.default\">\n\t\t\t\t<div class=\"elementor-widget-container\">\n\t\t\t\t\t<div class=\"elementor-icon-wrapper\">\n\t\t\t<div class=\"elementor-icon\">\n\t\t\t<svg xmlns=\"http:\/\/www.w3.org\/2000\/svg\" xmlns:xlink=\"http:\/\/www.w3.org\/1999\/xlink\" xmlns:svgjs=\"http:\/\/svgjs.com\/svgjs\" width=\"512\" height=\"512\" x=\"0\" y=\"0\" viewBox=\"0 0 512 512\" style=\"enable-background:new 0 0 512 512\" xml:space=\"preserve\" class=\"\"><g><g xmlns=\"http:\/\/www.w3.org\/2000\/svg\"><path d=\"m493.375 160.507h-404.977c-4.143 0-7.5 3.358-7.5 7.5s3.357 7.5 7.5 7.5h67.32l-39.473 56.242h-97.621c-1.998 0-3.624-1.626-3.624-3.625v-48.993c0-1.999 1.626-3.624 3.624-3.624h39.773c4.142 0 7.5-3.358 7.5-7.5s-3.358-7.5-7.5-7.5h-39.773c-10.27 0-18.624 8.355-18.624 18.624v48.993c0 10.27 8.354 18.625 18.624 18.625h474.751c10.27 0 18.624-8.355 18.624-18.625v-48.993c.001-10.269-8.354-18.624-18.624-18.624zm-212.076 71.242 39.472-56.242h32.135l-39.473 56.242zm-96.268 0 39.472-56.242h77.942l-39.472 56.242zm-10.987-56.242h32.135l-39.472 56.242h-32.135zm322.956 52.618c0 1.999-1.626 3.625-3.624 3.625h-161.617l39.472-56.242h122.145c1.998 0 3.624 1.625 3.624 3.624z\" fill=\"#8176ae\" data-original=\"#000000\" style=\"\" class=\"\"><\/path><path d=\"m493.375 264.861h-474.751c-10.27 0-18.624 8.354-18.624 18.624v48.994c0 10.27 8.354 18.624 18.624 18.624h474.751c10.27 0 18.624-8.354 18.624-18.624v-48.994c.001-10.27-8.354-18.624-18.624-18.624zm-212.076 71.242 39.473-56.242h32.135l-39.472 56.242zm-96.268 0 39.472-56.242h77.942l-39.472 56.242zm-50.46 0 39.472-56.242h32.135l-39.472 56.242zm-119.571-3.624v-48.994c0-1.999 1.626-3.624 3.624-3.624h137.095l-39.472 56.242h-97.623c-1.998 0-3.624-1.626-3.624-3.624zm482 0c0 1.998-1.626 3.624-3.624 3.624h-161.617l39.472-56.242h122.144c1.998 0 3.624 1.625 3.624 3.624v48.994z\" fill=\"#8176ae\" data-original=\"#000000\" style=\"\" class=\"\"><\/path><path d=\"m493.375 56.543h-474.751c-10.27 0-18.624 8.355-18.624 18.624v48.994c0 10.269 8.354 18.624 18.624 18.624h474.751c10.27 0 18.624-8.355 18.624-18.624v-48.994c.001-10.269-8.354-18.624-18.624-18.624zm-212.076 71.242 39.473-56.242h32.135l-39.472 56.242zm-96.268 0 39.472-56.242h77.942l-39.472 56.242zm-50.46 0 39.472-56.242h32.135l-39.472 56.242zm-119.571-3.624v-48.994c0-1.998 1.626-3.624 3.624-3.624h137.095l-39.472 56.242h-97.623c-1.998 0-3.624-1.626-3.624-3.624zm482 0c0 1.998-1.626 3.624-3.624 3.624h-161.617l39.472-56.242h122.144c1.998 0 3.624 1.626 3.624 3.624v48.994z\" fill=\"#8176ae\" data-original=\"#000000\" style=\"\" class=\"\"><\/path><path d=\"m493.375 369.214h-474.751c-10.27 0-18.624 8.355-18.624 18.625v48.994c0 10.27 8.354 18.624 18.624 18.624h368.016c4.143 0 7.5-3.358 7.5-7.5s-3.357-7.5-7.5-7.5h-54.881l39.472-56.242h122.144c1.998 0 3.624 1.626 3.624 3.624v48.994c0 1.998-1.626 3.624-3.624 3.624h-76.735c-4.143 0-7.5 3.358-7.5 7.5s3.357 7.5 7.5 7.5h76.735c10.27 0 18.624-8.354 18.624-18.624v-48.994c.001-10.27-8.354-18.625-18.624-18.625zm-308.344 71.242 39.472-56.242h77.942l-39.472 56.242zm-50.46 0 39.472-56.242h32.135l-39.472 56.242zm-119.571-3.624v-48.994c0-1.999 1.626-3.624 3.624-3.624h137.095l-39.472 56.242h-97.623c-1.998 0-3.624-1.626-3.624-3.624zm298.434 3.624h-32.135l39.473-56.242h32.135z\" fill=\"#8176ae\" data-original=\"#000000\" style=\"\" class=\"\"><\/path><\/g><\/g><\/svg>\t\t\t<\/div>\n\t\t<\/div>\n\t\t\t\t<\/div>\n\t\t\t\t<\/div>\n\t\t\t\t<div class=\"elementor-element elementor-element-a64ab33 elementor-widget elementor-widget-heading\" data-id=\"a64ab33\" data-element_type=\"widget\" data-widget_type=\"heading.default\">\n\t\t\t\t<div class=\"elementor-widget-container\">\n\t\t\t<div class=\"elementor-heading-title elementor-size-default\">INOX<\/div>\t\t<\/div>\n\t\t\t\t<\/div>\n\t\t\t\t<div class=\"elementor-element elementor-element-ae451db elementor-widget elementor-widget-text-editor\" data-id=\"ae451db\" data-element_type=\"widget\" data-widget_type=\"text-editor.default\">\n\t\t\t\t<div class=\"elementor-widget-container\">\n\t\t\t\t\t\t\t<p>Nuestras cabinas sanitarias de los sistemas I-25, I-34 y S-41 est\u00e1n equipadas \u00fanicamente con herrajes de primer\u00edsima calidad. Los pies regulables en altura, las bisagras, los perfiles en \u201cU\u201d de uni\u00f3n y la barra superior circular son de fabricaci\u00f3n exclusiva en acero inoxidable AISI 316. Los pomos, cierres y barra superior estabilizadora cuadrada o rectangular est\u00e1 fabricada en acero inoxidable AISI 304.<\/p><p>En las cabinas sanitarias de los sistemas I-525 y I-534, los pies regulables y las bisagras son tambi\u00e9n de acero inoxidable AISI 316, los pomos, cierres y barra superior estabilizadora se suministran de acero inoxidable AISI 304 mientras que la barra superior estabilizadora cuadrada y los perfiles en \u201cU\u201d de uni\u00f3n est\u00e1n fabricados con aluminio anodizado plata de primera calidad.<\/p><p>Tanto los perfiles en \u201cU\u201d de acero inoxidable AISI 316 como los perfiles en \u201cU\u201d de aluminio tienen un dise\u00f1o especial exclusivo por el que quedan anclados a la pared de manera mucho m\u00e1s segura y duradera.<\/p>\t\t\t\t\t\t<\/div>\n\t\t\t\t<\/div>\n\t\t\t\t\t<\/div>\n\t\t<\/div>\n\t\t\t\t<div class=\"elementor-column elementor-col-50 elementor-top-column elementor-element elementor-element-06940e8\" data-id=\"06940e8\" data-element_type=\"column\">\n\t\t\t<div class=\"elementor-widget-wrap elementor-element-populated\">\n\t\t\t\t\t\t\t\t<div class=\"elementor-element elementor-element-4abc34d elementor-widget elementor-widget-image\" data-id=\"4abc34d\" data-element_type=\"widget\" data-widget_type=\"image.default\">\n\t\t\t\t<div class=\"elementor-widget-container\">\n\t\t\t\t\t\t\t\t\t\t\t\t\t\t\t<img decoding=\"async\" width=\"640\" height=\"640\" src=\"data:image\/gif;base64,R0lGODlhAQABAIAAAAAAAP\/\/\/yH5BAEAAAAALAAAAAABAAEAAAIBRAA7\" data-src=\"https:\/\/www.mobelmol.com\/wp-content\/uploads\/2021\/09\/engranaje.svg\" class=\"attachment-large size-large lazyload\" alt=\"Herrajes cabinas\" data-srcset=\"https:\/\/www.mobelmol.com\/wp-content\/uploads\/\/2021\/09\/engranaje.svg 150w, https:\/\/www.mobelmol.com\/wp-content\/uploads\/\/2021\/09\/engranaje.svg 300w, https:\/\/www.mobelmol.com\/wp-content\/uploads\/\/2021\/09\/engranaje.svg 1024w, https:\/\/www.mobelmol.com\/wp-content\/uploads\/\/2021\/09\/engranaje.svg 512w\" sizes=\"(max-width: 640px) 100vw, 640px\" \/><noscript><img decoding=\"async\" width=\"640\" height=\"640\" src=\"https:\/\/www.mobelmol.com\/wp-content\/uploads\/2021\/09\/engranaje.svg\" class=\"attachment-large size-large lazyload\" alt=\"Herrajes cabinas\" srcset=\"https:\/\/www.mobelmol.com\/wp-content\/uploads\/\/2021\/09\/engranaje.svg 150w, https:\/\/www.mobelmol.com\/wp-content\/uploads\/\/2021\/09\/engranaje.svg 300w, https:\/\/www.mobelmol.com\/wp-content\/uploads\/\/2021\/09\/engranaje.svg 1024w, https:\/\/www.mobelmol.com\/wp-content\/uploads\/\/2021\/09\/engranaje.svg 512w\" sizes=\"(max-width: 640px) 100vw, 640px\" \/><\/noscript>\t\t\t\t\t\t\t\t\t\t\t\t\t\t\t<\/div>\n\t\t\t\t<\/div>\n\t\t\t\t<div class=\"elementor-element elementor-element-a8589fc elementor-widget elementor-widget-heading\" data-id=\"a8589fc\" data-element_type=\"widget\" data-widget_type=\"heading.default\">\n\t\t\t\t<div class=\"elementor-widget-container\">\n\t\t\t<div class=\"elementor-heading-title elementor-size-default\">NYLON<\/div>\t\t<\/div>\n\t\t\t\t<\/div>\n\t\t\t\t<div class=\"elementor-element elementor-element-784cf53 elementor-widget elementor-widget-text-editor\" data-id=\"784cf53\" data-element_type=\"widget\" data-widget_type=\"text-editor.default\">\n\t\t\t\t<div class=\"elementor-widget-container\">\n\t\t\t\t\t\t\t<p>Los herrajes de nylon o poliamida suministrados para nuestros sistemas de cabinas N-25 y N-34 tienen la ventaja de ser m\u00e1s agradables al tacto en ambientes h\u00famedos que los herrajes de acero inoxidable. Se suministra en color blanco o negro (otros colores bajo pedido y con cantidades m\u00ednimas).<\/p><p>Los herrajes que m\u00e1s pueden sufrir (pies regulables, barra superior estabilizadora circular y bisagras) incorporan en su interior elementos ocultos de refuerzo de acero con tratamiento anticorrosi\u00f3n. Adem\u00e1s hay que tener en cuenta que no est\u00e1n lacados con lo que se podr\u00eda llegar a rallar o deteriorar la superficie. Dichos elementos interiores est\u00e1n revestidos con una camisa de poliamida de 1 a 3mm. La barra circular superior, de gran resistencia, es un tubo coextrusionado de aluminio con funda de poliamida en el exterior.<\/p>\t\t\t\t\t\t<\/div>\n\t\t\t\t<\/div>\n\t\t\t\t\t<\/div>\n\t\t<\/div>\n\t\t\t\t\t\t\t<\/div>\n\t\t<\/section>\n\t\t\t\t\t\t<\/div>\n\t\t\t\t\t<\/div>\n\t\t","protected":false},"excerpt":{"rendered":"<p>INOX Nuestras cabinas sanitarias de los sistemas I-25, I-34 y S-41 est\u00e1n equipadas \u00fanicamente con herrajes de primer\u00edsima calidad. Los pies regulables en altura, las bisagras, los perfiles en \u201cU\u201d de uni\u00f3n y la barra superior circular son de fabricaci\u00f3n exclusiva en acero inoxidable AISI 316. Los pomos, cierres y barra superior estabilizadora cuadrada o&#8230;<\/p>\n","protected":false},"author":1,"featured_media":0,"parent":5183,"menu_order":0,"comment_status":"closed","ping_status":"closed","template":"elementor_header_footer","meta":{"footnotes":""},"class_list":["post-5933","page","type-page","status-publish","hentry"],"acf":[],"yoast_head":"<!-- This site is optimized with the Yoast SEO plugin v17.8 - https:\/\/yoast.com\/wordpress\/plugins\/seo\/ -->\n<title>Herrajes para Cabinas Sanitarias de primera calidad - Mobelmol<\/title>\n<meta name=\"description\" content=\"Los herrajes para cabinas sanitarias Mobelmol est\u00e1n fabricados con los mejores materiales y de primera calidad y m\u00faltiples caracter\u00edsticas.\" \/>\n<meta name=\"robots\" content=\"index, follow, max-snippet:-1, max-image-preview:large, max-video-preview:-1\" \/>\n<link rel=\"canonical\" href=\"https:\/\/www.mobelmol.com\/es\/datos-tecnicos\/herrajes-para-cabinas-sanitarias\/\" \/>\n<meta property=\"og:locale\" content=\"es_ES\" \/>\n<meta property=\"og:type\" content=\"article\" \/>\n<meta property=\"og:title\" content=\"Herrajes para Cabinas Sanitarias de primera calidad - Mobelmol\" \/>\n<meta property=\"og:description\" content=\"Los herrajes para cabinas sanitarias Mobelmol est\u00e1n fabricados con los mejores materiales y de primera calidad y m\u00faltiples caracter\u00edsticas.\" \/>\n<meta property=\"og:url\" content=\"https:\/\/www.mobelmol.com\/es\/datos-tecnicos\/herrajes-para-cabinas-sanitarias\/\" \/>\n<meta property=\"og:site_name\" content=\"Mobelmol\" \/>\n<meta property=\"article:modified_time\" content=\"2022-03-10T14:47:36+00:00\" \/>\n<meta property=\"og:image\" content=\"https:\/\/www.mobelmol.com\/wp-content\/uploads\/2021\/09\/engranaje.svg\" \/>\n<meta name=\"twitter:card\" content=\"summary_large_image\" \/>\n<meta name=\"twitter:label1\" content=\"Tiempo de lectura\" \/>\n\t<meta name=\"twitter:data1\" content=\"2 minutos\" \/>\n<script type=\"application\/ld+json\" class=\"yoast-schema-graph\">{\"@context\":\"https:\/\/schema.org\",\"@graph\":[{\"@type\":\"Organization\",\"@id\":\"https:\/\/www.mobelmol.com\/es\/#organization\",\"name\":\"Mobelmol\",\"url\":\"https:\/\/www.mobelmol.com\/es\/\",\"sameAs\":[],\"logo\":{\"@type\":\"ImageObject\",\"@id\":\"https:\/\/www.mobelmol.com\/es\/#logo\",\"inLanguage\":\"es\",\"url\":\"https:\/\/www.mobelmol.com\/wp-content\/uploads\/2021\/05\/lgo-mobelmol.svg\",\"contentUrl\":\"https:\/\/www.mobelmol.com\/wp-content\/uploads\/2021\/05\/lgo-mobelmol.svg\",\"width\":100,\"height\":100,\"caption\":\"Mobelmol\"},\"image\":{\"@id\":\"https:\/\/www.mobelmol.com\/es\/#logo\"}},{\"@type\":\"WebSite\",\"@id\":\"https:\/\/www.mobelmol.com\/es\/#website\",\"url\":\"https:\/\/www.mobelmol.com\/es\/\",\"name\":\"Mobelmol\",\"description\":\"Fabricaci\\u00f3n e instalaci\\u00f3n de equipamiento y mobiliario con panel compacto\",\"publisher\":{\"@id\":\"https:\/\/www.mobelmol.com\/es\/#organization\"},\"potentialAction\":[{\"@type\":\"SearchAction\",\"target\":{\"@type\":\"EntryPoint\",\"urlTemplate\":\"https:\/\/www.mobelmol.com\/es\/?s={search_term_string}\"},\"query-input\":\"required name=search_term_string\"}],\"inLanguage\":\"es\"},{\"@type\":\"ImageObject\",\"@id\":\"https:\/\/www.mobelmol.com\/es\/datos-tecnicos\/herrajes-para-cabinas-sanitarias\/#primaryimage\",\"inLanguage\":\"es\",\"url\":\"https:\/\/www.mobelmol.com\/wp-content\/uploads\/2021\/09\/engranaje.svg\",\"contentUrl\":\"https:\/\/www.mobelmol.com\/wp-content\/uploads\/2021\/09\/engranaje.svg\",\"width\":512,\"height\":512,\"caption\":\"Herrajes cabinas\"},{\"@type\":\"WebPage\",\"@id\":\"https:\/\/www.mobelmol.com\/es\/datos-tecnicos\/herrajes-para-cabinas-sanitarias\/#webpage\",\"url\":\"https:\/\/www.mobelmol.com\/es\/datos-tecnicos\/herrajes-para-cabinas-sanitarias\/\",\"name\":\"Herrajes para Cabinas Sanitarias de primera calidad - Mobelmol\",\"isPartOf\":{\"@id\":\"https:\/\/www.mobelmol.com\/es\/#website\"},\"primaryImageOfPage\":{\"@id\":\"https:\/\/www.mobelmol.com\/es\/datos-tecnicos\/herrajes-para-cabinas-sanitarias\/#primaryimage\"},\"datePublished\":\"2021-09-07T08:31:18+00:00\",\"dateModified\":\"2022-03-10T14:47:36+00:00\",\"description\":\"Los herrajes para cabinas sanitarias Mobelmol est\\u00e1n fabricados con los mejores materiales y de primera calidad y m\\u00faltiples caracter\\u00edsticas.\",\"breadcrumb\":{\"@id\":\"https:\/\/www.mobelmol.com\/es\/datos-tecnicos\/herrajes-para-cabinas-sanitarias\/#breadcrumb\"},\"inLanguage\":\"es\",\"potentialAction\":[{\"@type\":\"ReadAction\",\"target\":[\"https:\/\/www.mobelmol.com\/es\/datos-tecnicos\/herrajes-para-cabinas-sanitarias\/\"]}]},{\"@type\":\"BreadcrumbList\",\"@id\":\"https:\/\/www.mobelmol.com\/es\/datos-tecnicos\/herrajes-para-cabinas-sanitarias\/#breadcrumb\",\"itemListElement\":[{\"@type\":\"ListItem\",\"position\":1,\"name\":\"Portada\",\"item\":\"https:\/\/www.mobelmol.com\/es\/\"},{\"@type\":\"ListItem\",\"position\":2,\"name\":\"Datos t\\u00e9cnicos\",\"item\":\"https:\/\/www.mobelmol.com\/es\/datos-tecnicos\/\"},{\"@type\":\"ListItem\",\"position\":3,\"name\":\"Herrajes cabinas\"}]}]}<\/script>\n<!-- \/ Yoast SEO plugin. -->","yoast_head_json":{"title":"Herrajes para Cabinas Sanitarias de primera calidad - Mobelmol","description":"Los herrajes para cabinas sanitarias Mobelmol est\u00e1n fabricados con los mejores materiales y de primera calidad y m\u00faltiples caracter\u00edsticas.","robots":{"index":"index","follow":"follow","max-snippet":"max-snippet:-1","max-image-preview":"max-image-preview:large","max-video-preview":"max-video-preview:-1"},"canonical":"https:\/\/www.mobelmol.com\/es\/datos-tecnicos\/herrajes-para-cabinas-sanitarias\/","og_locale":"es_ES","og_type":"article","og_title":"Herrajes para Cabinas Sanitarias de primera calidad - Mobelmol","og_description":"Los herrajes para cabinas sanitarias Mobelmol est\u00e1n fabricados con los mejores materiales y de primera calidad y m\u00faltiples caracter\u00edsticas.","og_url":"https:\/\/www.mobelmol.com\/es\/datos-tecnicos\/herrajes-para-cabinas-sanitarias\/","og_site_name":"Mobelmol","article_modified_time":"2022-03-10T14:47:36+00:00","og_image":[{"url":"https:\/\/www.mobelmol.com\/wp-content\/uploads\/2021\/09\/engranaje.svg"}],"twitter_card":"summary_large_image","twitter_misc":{"Tiempo de lectura":"2 minutos"},"schema":{"@context":"https:\/\/schema.org","@graph":[{"@type":"Organization","@id":"https:\/\/www.mobelmol.com\/es\/#organization","name":"Mobelmol","url":"https:\/\/www.mobelmol.com\/es\/","sameAs":[],"logo":{"@type":"ImageObject","@id":"https:\/\/www.mobelmol.com\/es\/#logo","inLanguage":"es","url":"https:\/\/www.mobelmol.com\/wp-content\/uploads\/2021\/05\/lgo-mobelmol.svg","contentUrl":"https:\/\/www.mobelmol.com\/wp-content\/uploads\/2021\/05\/lgo-mobelmol.svg","width":100,"height":100,"caption":"Mobelmol"},"image":{"@id":"https:\/\/www.mobelmol.com\/es\/#logo"}},{"@type":"WebSite","@id":"https:\/\/www.mobelmol.com\/es\/#website","url":"https:\/\/www.mobelmol.com\/es\/","name":"Mobelmol","description":"Fabricaci\u00f3n e instalaci\u00f3n de equipamiento y mobiliario con panel compacto","publisher":{"@id":"https:\/\/www.mobelmol.com\/es\/#organization"},"potentialAction":[{"@type":"SearchAction","target":{"@type":"EntryPoint","urlTemplate":"https:\/\/www.mobelmol.com\/es\/?s={search_term_string}"},"query-input":"required name=search_term_string"}],"inLanguage":"es"},{"@type":"ImageObject","@id":"https:\/\/www.mobelmol.com\/es\/datos-tecnicos\/herrajes-para-cabinas-sanitarias\/#primaryimage","inLanguage":"es","url":"https:\/\/www.mobelmol.com\/wp-content\/uploads\/2021\/09\/engranaje.svg","contentUrl":"https:\/\/www.mobelmol.com\/wp-content\/uploads\/2021\/09\/engranaje.svg","width":512,"height":512,"caption":"Herrajes cabinas"},{"@type":"WebPage","@id":"https:\/\/www.mobelmol.com\/es\/datos-tecnicos\/herrajes-para-cabinas-sanitarias\/#webpage","url":"https:\/\/www.mobelmol.com\/es\/datos-tecnicos\/herrajes-para-cabinas-sanitarias\/","name":"Herrajes para Cabinas Sanitarias de primera calidad - Mobelmol","isPartOf":{"@id":"https:\/\/www.mobelmol.com\/es\/#website"},"primaryImageOfPage":{"@id":"https:\/\/www.mobelmol.com\/es\/datos-tecnicos\/herrajes-para-cabinas-sanitarias\/#primaryimage"},"datePublished":"2021-09-07T08:31:18+00:00","dateModified":"2022-03-10T14:47:36+00:00","description":"Los herrajes para cabinas sanitarias Mobelmol est\u00e1n fabricados con los mejores materiales y de primera calidad y m\u00faltiples caracter\u00edsticas.","breadcrumb":{"@id":"https:\/\/www.mobelmol.com\/es\/datos-tecnicos\/herrajes-para-cabinas-sanitarias\/#breadcrumb"},"inLanguage":"es","potentialAction":[{"@type":"ReadAction","target":["https:\/\/www.mobelmol.com\/es\/datos-tecnicos\/herrajes-para-cabinas-sanitarias\/"]}]},{"@type":"BreadcrumbList","@id":"https:\/\/www.mobelmol.com\/es\/datos-tecnicos\/herrajes-para-cabinas-sanitarias\/#breadcrumb","itemListElement":[{"@type":"ListItem","position":1,"name":"Portada","item":"https:\/\/www.mobelmol.com\/es\/"},{"@type":"ListItem","position":2,"name":"Datos t\u00e9cnicos","item":"https:\/\/www.mobelmol.com\/es\/datos-tecnicos\/"},{"@type":"ListItem","position":3,"name":"Herrajes cabinas"}]}]}},"_links":{"self":[{"href":"https:\/\/www.mobelmol.com\/es\/wp-json\/wp\/v2\/pages\/5933","targetHints":{"allow":["GET"]}}],"collection":[{"href":"https:\/\/www.mobelmol.com\/es\/wp-json\/wp\/v2\/pages"}],"about":[{"href":"https:\/\/www.mobelmol.com\/es\/wp-json\/wp\/v2\/types\/page"}],"author":[{"embeddable":true,"href":"https:\/\/www.mobelmol.com\/es\/wp-json\/wp\/v2\/users\/1"}],"replies":[{"embeddable":true,"href":"https:\/\/www.mobelmol.com\/es\/wp-json\/wp\/v2\/comments?post=5933"}],"version-history":[{"count":1,"href":"https:\/\/www.mobelmol.com\/es\/wp-json\/wp\/v2\/pages\/5933\/revisions"}],"predecessor-version":[{"id":8373,"href":"https:\/\/www.mobelmol.com\/es\/wp-json\/wp\/v2\/pages\/5933\/revisions\/8373"}],"up":[{"embeddable":true,"href":"https:\/\/www.mobelmol.com\/es\/wp-json\/wp\/v2\/pages\/5183"}],"wp:attachment":[{"href":"https:\/\/www.mobelmol.com\/es\/wp-json\/wp\/v2\/media?parent=5933"}],"curies":[{"name":"wp","href":"https:\/\/api.w.org\/{rel}","templated":true}]}}