{"id":5839,"date":"2021-09-06T10:43:19","date_gmt":"2021-09-06T10:43:19","guid":{"rendered":"https:\/\/mobelmol.mmkt.dev\/?post_type=product&#038;p=5839"},"modified":"2022-08-23T11:31:42","modified_gmt":"2022-08-23T11:31:42","slug":"encimeras-a-medida-plana","status":"publish","type":"product","link":"https:\/\/www.mobelmol.com\/es\/producto\/encimeras-a-medida-plana\/","title":{"rendered":"Encimera Plana"},"content":{"rendered":"<p>Como empresa l\u00edder en la fabricaci\u00f3n e instalaci\u00f3n de equipos y soluciones de mobiliario que requieren buena est\u00e9tica con caracter\u00edsticas de higiene y durabilidad, Mobelmol ofrece en su\u00a0<a href=\"https:\/\/www.mobelmol.com\/es\/catalogo-prescripcion-tablero-fenolico\/\">cat\u00e1logo de encimeras<\/a>\u00a0la variedad de Encimera Plana tipo Fen\u00f3lica.<\/p>\n<h2><strong>Caracter\u00edsticas de las Encimeras Planas<\/strong><\/h2>\n<p>Esta versi\u00f3n de Encimeras se elabora con una base plana y maciza, de alta calidad hecha con resinas fen\u00f3licas H.P.L. (High Pressure Laminate) tipo Trespa de 12 o 24 mm de grueso con moldura. Se adapta a todo tipo de espacios ya que hay la posibilidad de escoger el color. Su dise\u00f1o ofrece cantos pulidos y biselados, junto con fald\u00f3n delantero de 140mm y coronamiento posterior de 50mm.<\/p>\n<p>Se caracteriza por obtener una alta resistencia al uso y desgaste, incluido el contacto constante con ambiente h\u00famedo o agua directamente. Se limpia y desinfecta f\u00e1cilmente, ofreciendo adem\u00e1s un buen mantenimiento<\/p>\n<p>Puede incorporar, si el proyecto lo requiere, orificios para lavabo y grifer\u00eda, as\u00ed como la posibilidad de incorporar distintos tipos de soportes que van acorde a su futura funcionalidad.<\/p>\n<p>Finalmente, destaca la opci\u00f3n de acabado \u201cLaboratorio\u201d, el cual a\u00f1ade la caracter\u00edstica de resistencia a los \u00e1cidos, imprescindible en algunos sectores.<\/p>\n<p>Gracias a sus especificaciones, Mobelmol implementa f\u00e1cilmente y con \u00e9xito sus encimeras planas en el conjunto del mobiliario, ya sea en un proyecto global con m\u00e1s equipamiento, al controlar el dise\u00f1o y fabricaci\u00f3n de la mayor\u00eda de los art\u00edculos se facilita su integraci\u00f3n, o a nivel m\u00e1s espec\u00edfico.<\/p>\n<p>Mobelmol se adapta a las necesidades del cliente y as\u00ed como a cada proyecto.<\/p>\n<h2><strong>Sectores de las Encimeras Planas<\/strong><\/h2>\n<p>Mobelmol conf\u00eda en su amplia experiencia y capacidad para ofrecer soluciones de encimeras planas en m\u00faltiples sectores, dise\u00f1ando y fabricando cada producto con las caracter\u00edsticas precisas. De esta forma realiza instalaciones de encimeras en empresas tipo Campings y Espacios L\u00fadicos o Deportivos, pero tambi\u00e9n proporcionan soluciones en los exigentes ambientes que presentan Laboratorios o Cl\u00ednicas.<\/p>\n<p>Consulta con Moblemol\u00a0tu proyecto para conseguir el mejor resultado.<\/p>\n","protected":false},"excerpt":{"rendered":"<p>Como empresa l\u00edder en la fabricaci\u00f3n e instalaci\u00f3n de equipos y soluciones de mobiliario que requieren buena est\u00e9tica con caracter\u00edsticas de higiene y durabilidad, Mobelmol ofrece en su\u00a0cat\u00e1logo de encimeras\u00a0la variedad de Encimera Plana tipo Fen\u00f3lica. Caracter\u00edsticas de las Encimeras Planas Esta versi\u00f3n de Encimeras se elabora con una base plana y maciza, de alta&#8230;<\/p>\n","protected":false},"featured_media":5840,"template":"","meta":[],"product_cat":[383],"product_tag":[],"class_list":["post-5839","product","type-product","status-publish","has-post-thumbnail","hentry","product_cat-encimeras-fenolicas"],"acf":[],"yoast_head":"<!-- This site is optimized with the Yoast SEO plugin v17.8 - https:\/\/yoast.com\/wordpress\/plugins\/seo\/ -->\n<title>Instalaci\u00f3n de Encimeras a Medida tipo Plana - Mobelmol<\/title>\n<meta name=\"description\" content=\"Fabricaci\u00f3n e instalaci\u00f3n de Encimeras a Medida tipo Plana por expertos en mobiliario. Para aseos de campings, colegios, industrias y m\u00e1s.\" \/>\n<meta name=\"robots\" content=\"index, follow, max-snippet:-1, max-image-preview:large, max-video-preview:-1\" \/>\n<link rel=\"canonical\" href=\"https:\/\/www.mobelmol.com\/es\/producto\/encimeras-a-medida-plana\/\" \/>\n<meta property=\"og:locale\" content=\"es_ES\" \/>\n<meta property=\"og:type\" content=\"article\" \/>\n<meta property=\"og:title\" content=\"Instalaci\u00f3n de Encimeras a Medida tipo Plana - Mobelmol\" \/>\n<meta property=\"og:description\" content=\"Fabricaci\u00f3n e instalaci\u00f3n de Encimeras a Medida tipo Plana por expertos en mobiliario. Para aseos de campings, colegios, industrias y m\u00e1s.\" \/>\n<meta property=\"og:url\" content=\"https:\/\/www.mobelmol.com\/es\/producto\/encimeras-a-medida-plana\/\" \/>\n<meta property=\"og:site_name\" content=\"Mobelmol\" \/>\n<meta property=\"article:modified_time\" content=\"2022-08-23T11:31:42+00:00\" \/>\n<meta property=\"og:image\" content=\"https:\/\/www.mobelmol.com\/wp-content\/uploads\/2021\/09\/Encimera-Plana-2.jpg\" \/>\n\t<meta property=\"og:image:width\" content=\"750\" \/>\n\t<meta property=\"og:image:height\" content=\"764\" \/>\n<meta name=\"twitter:card\" content=\"summary_large_image\" \/>\n<meta name=\"twitter:label1\" content=\"Tiempo de lectura\" \/>\n\t<meta name=\"twitter:data1\" content=\"2 minutos\" \/>\n<script type=\"application\/ld+json\" class=\"yoast-schema-graph\">{\"@context\":\"https:\/\/schema.org\",\"@graph\":[{\"@type\":\"Organization\",\"@id\":\"https:\/\/www.mobelmol.com\/es\/#organization\",\"name\":\"Mobelmol\",\"url\":\"https:\/\/www.mobelmol.com\/es\/\",\"sameAs\":[],\"logo\":{\"@type\":\"ImageObject\",\"@id\":\"https:\/\/www.mobelmol.com\/es\/#logo\",\"inLanguage\":\"es\",\"url\":\"https:\/\/www.mobelmol.com\/wp-content\/uploads\/2021\/05\/lgo-mobelmol.svg\",\"contentUrl\":\"https:\/\/www.mobelmol.com\/wp-content\/uploads\/2021\/05\/lgo-mobelmol.svg\",\"width\":100,\"height\":100,\"caption\":\"Mobelmol\"},\"image\":{\"@id\":\"https:\/\/www.mobelmol.com\/es\/#logo\"}},{\"@type\":\"WebSite\",\"@id\":\"https:\/\/www.mobelmol.com\/es\/#website\",\"url\":\"https:\/\/www.mobelmol.com\/es\/\",\"name\":\"Mobelmol\",\"description\":\"Fabricaci\\u00f3n e instalaci\\u00f3n de equipamiento y mobiliario con panel compacto\",\"publisher\":{\"@id\":\"https:\/\/www.mobelmol.com\/es\/#organization\"},\"potentialAction\":[{\"@type\":\"SearchAction\",\"target\":{\"@type\":\"EntryPoint\",\"urlTemplate\":\"https:\/\/www.mobelmol.com\/es\/?s={search_term_string}\"},\"query-input\":\"required name=search_term_string\"}],\"inLanguage\":\"es\"},{\"@type\":\"ImageObject\",\"@id\":\"https:\/\/www.mobelmol.com\/es\/producto\/encimeras-a-medida-plana\/#primaryimage\",\"inLanguage\":\"es\",\"url\":\"https:\/\/www.mobelmol.com\/wp-content\/uploads\/2021\/09\/Encimera-Plana-2.jpg\",\"contentUrl\":\"https:\/\/www.mobelmol.com\/wp-content\/uploads\/2021\/09\/Encimera-Plana-2.jpg\",\"width\":750,\"height\":764,\"caption\":\"Encimeras a Medida\"},{\"@type\":\"WebPage\",\"@id\":\"https:\/\/www.mobelmol.com\/es\/producto\/encimeras-a-medida-plana\/#webpage\",\"url\":\"https:\/\/www.mobelmol.com\/es\/producto\/encimeras-a-medida-plana\/\",\"name\":\"Instalaci\\u00f3n de Encimeras a Medida tipo Plana - Mobelmol\",\"isPartOf\":{\"@id\":\"https:\/\/www.mobelmol.com\/es\/#website\"},\"primaryImageOfPage\":{\"@id\":\"https:\/\/www.mobelmol.com\/es\/producto\/encimeras-a-medida-plana\/#primaryimage\"},\"datePublished\":\"2021-09-06T10:43:19+00:00\",\"dateModified\":\"2022-08-23T11:31:42+00:00\",\"description\":\"Fabricaci\\u00f3n e instalaci\\u00f3n de Encimeras a Medida tipo Plana por expertos en mobiliario. Para aseos de campings, colegios, industrias y m\\u00e1s.\",\"breadcrumb\":{\"@id\":\"https:\/\/www.mobelmol.com\/es\/producto\/encimeras-a-medida-plana\/#breadcrumb\"},\"inLanguage\":\"es\",\"potentialAction\":[{\"@type\":\"ReadAction\",\"target\":[\"https:\/\/www.mobelmol.com\/es\/producto\/encimeras-a-medida-plana\/\"]}]},{\"@type\":\"BreadcrumbList\",\"@id\":\"https:\/\/www.mobelmol.com\/es\/producto\/encimeras-a-medida-plana\/#breadcrumb\",\"itemListElement\":[{\"@type\":\"ListItem\",\"position\":1,\"name\":\"Portada\",\"item\":\"https:\/\/www.mobelmol.com\/es\/\"},{\"@type\":\"ListItem\",\"position\":2,\"name\":\"Productos\",\"item\":\"https:\/\/www.mobelmol.com\/es\/productos-mobiliario-vestuarios-revestimientos\/\"},{\"@type\":\"ListItem\",\"position\":3,\"name\":\"Encimera Plana\"}]}]}<\/script>\n<!-- \/ Yoast SEO plugin. -->","yoast_head_json":{"title":"Instalaci\u00f3n de Encimeras a Medida tipo Plana - Mobelmol","description":"Fabricaci\u00f3n e instalaci\u00f3n de Encimeras a Medida tipo Plana por expertos en mobiliario. Para aseos de campings, colegios, industrias y m\u00e1s.","robots":{"index":"index","follow":"follow","max-snippet":"max-snippet:-1","max-image-preview":"max-image-preview:large","max-video-preview":"max-video-preview:-1"},"canonical":"https:\/\/www.mobelmol.com\/es\/producto\/encimeras-a-medida-plana\/","og_locale":"es_ES","og_type":"article","og_title":"Instalaci\u00f3n de Encimeras a Medida tipo Plana - Mobelmol","og_description":"Fabricaci\u00f3n e instalaci\u00f3n de Encimeras a Medida tipo Plana por expertos en mobiliario. Para aseos de campings, colegios, industrias y m\u00e1s.","og_url":"https:\/\/www.mobelmol.com\/es\/producto\/encimeras-a-medida-plana\/","og_site_name":"Mobelmol","article_modified_time":"2022-08-23T11:31:42+00:00","og_image":[{"width":750,"height":764,"url":"https:\/\/www.mobelmol.com\/wp-content\/uploads\/2021\/09\/Encimera-Plana-2.jpg","type":"image\/jpeg"}],"twitter_card":"summary_large_image","twitter_misc":{"Tiempo de lectura":"2 minutos"},"schema":{"@context":"https:\/\/schema.org","@graph":[{"@type":"Organization","@id":"https:\/\/www.mobelmol.com\/es\/#organization","name":"Mobelmol","url":"https:\/\/www.mobelmol.com\/es\/","sameAs":[],"logo":{"@type":"ImageObject","@id":"https:\/\/www.mobelmol.com\/es\/#logo","inLanguage":"es","url":"https:\/\/www.mobelmol.com\/wp-content\/uploads\/2021\/05\/lgo-mobelmol.svg","contentUrl":"https:\/\/www.mobelmol.com\/wp-content\/uploads\/2021\/05\/lgo-mobelmol.svg","width":100,"height":100,"caption":"Mobelmol"},"image":{"@id":"https:\/\/www.mobelmol.com\/es\/#logo"}},{"@type":"WebSite","@id":"https:\/\/www.mobelmol.com\/es\/#website","url":"https:\/\/www.mobelmol.com\/es\/","name":"Mobelmol","description":"Fabricaci\u00f3n e instalaci\u00f3n de equipamiento y mobiliario con panel compacto","publisher":{"@id":"https:\/\/www.mobelmol.com\/es\/#organization"},"potentialAction":[{"@type":"SearchAction","target":{"@type":"EntryPoint","urlTemplate":"https:\/\/www.mobelmol.com\/es\/?s={search_term_string}"},"query-input":"required name=search_term_string"}],"inLanguage":"es"},{"@type":"ImageObject","@id":"https:\/\/www.mobelmol.com\/es\/producto\/encimeras-a-medida-plana\/#primaryimage","inLanguage":"es","url":"https:\/\/www.mobelmol.com\/wp-content\/uploads\/2021\/09\/Encimera-Plana-2.jpg","contentUrl":"https:\/\/www.mobelmol.com\/wp-content\/uploads\/2021\/09\/Encimera-Plana-2.jpg","width":750,"height":764,"caption":"Encimeras a Medida"},{"@type":"WebPage","@id":"https:\/\/www.mobelmol.com\/es\/producto\/encimeras-a-medida-plana\/#webpage","url":"https:\/\/www.mobelmol.com\/es\/producto\/encimeras-a-medida-plana\/","name":"Instalaci\u00f3n de Encimeras a Medida tipo Plana - Mobelmol","isPartOf":{"@id":"https:\/\/www.mobelmol.com\/es\/#website"},"primaryImageOfPage":{"@id":"https:\/\/www.mobelmol.com\/es\/producto\/encimeras-a-medida-plana\/#primaryimage"},"datePublished":"2021-09-06T10:43:19+00:00","dateModified":"2022-08-23T11:31:42+00:00","description":"Fabricaci\u00f3n e instalaci\u00f3n de Encimeras a Medida tipo Plana por expertos en mobiliario. Para aseos de campings, colegios, industrias y m\u00e1s.","breadcrumb":{"@id":"https:\/\/www.mobelmol.com\/es\/producto\/encimeras-a-medida-plana\/#breadcrumb"},"inLanguage":"es","potentialAction":[{"@type":"ReadAction","target":["https:\/\/www.mobelmol.com\/es\/producto\/encimeras-a-medida-plana\/"]}]},{"@type":"BreadcrumbList","@id":"https:\/\/www.mobelmol.com\/es\/producto\/encimeras-a-medida-plana\/#breadcrumb","itemListElement":[{"@type":"ListItem","position":1,"name":"Portada","item":"https:\/\/www.mobelmol.com\/es\/"},{"@type":"ListItem","position":2,"name":"Productos","item":"https:\/\/www.mobelmol.com\/es\/productos-mobiliario-vestuarios-revestimientos\/"},{"@type":"ListItem","position":3,"name":"Encimera Plana"}]}]}},"_links":{"self":[{"href":"https:\/\/www.mobelmol.com\/es\/wp-json\/wp\/v2\/product\/5839","targetHints":{"allow":["GET"]}}],"collection":[{"href":"https:\/\/www.mobelmol.com\/es\/wp-json\/wp\/v2\/product"}],"about":[{"href":"https:\/\/www.mobelmol.com\/es\/wp-json\/wp\/v2\/types\/product"}],"wp:featuredmedia":[{"embeddable":true,"href":"https:\/\/www.mobelmol.com\/es\/wp-json\/wp\/v2\/media\/5840"}],"wp:attachment":[{"href":"https:\/\/www.mobelmol.com\/es\/wp-json\/wp\/v2\/media?parent=5839"}],"wp:term":[{"taxonomy":"product_cat","embeddable":true,"href":"https:\/\/www.mobelmol.com\/es\/wp-json\/wp\/v2\/product_cat?post=5839"},{"taxonomy":"product_tag","embeddable":true,"href":"https:\/\/www.mobelmol.com\/es\/wp-json\/wp\/v2\/product_tag?post=5839"}],"curies":[{"name":"wp","href":"https:\/\/api.w.org\/{rel}","templated":true}]}}