{"id":5850,"date":"2021-09-06T10:48:37","date_gmt":"2021-09-06T10:48:37","guid":{"rendered":"https:\/\/mobelmol.mmkt.dev\/?post_type=product&#038;p=5850"},"modified":"2022-08-23T11:38:31","modified_gmt":"2022-08-23T11:38:31","slug":"encimera-hidrofuga-solido-de-superficie","status":"publish","type":"product","link":"https:\/\/www.mobelmol.com\/es\/producto\/encimera-hidrofuga-solido-de-superficie\/","title":{"rendered":"Encimera s\u00f3lido de superficie"},"content":{"rendered":"<p>Mobelmol, empresa especializada en dise\u00f1ar, elaborar e instalar equipamiento y mobiliario, ofrece las mejores soluciones y productos en cuanto a\u00a0<a href=\"https:\/\/www.mobelmol.com\/es\/catalogo-prescripcion-tablero-fenolico\/\">Superf\u00edcies y Encimeras<\/a>. Trabajos profesionales que se adaptan totalmente al proyecto del cliente gracias a la amplia experiencia adquirida con las obras realizadas, la innovaci\u00f3n constante y los mejores materiales aplicados. De esta forma proporciona la mejor calidad y funcionalidad y se asegura el \u00e9xito del proyecto y la total satisfacci\u00f3n del cliente.<\/p>\n<h2><strong>Caracter\u00edsticas de las Encimeras de Superficie Solidas<\/strong><\/h2>\n<p>Las Encimeras de Superficie Solida se dise\u00f1an y elaboran consiguiendo un compuesto homog\u00e9neo y sin poros especifico que confiere las propiedades ideales para sus funciones: dos tercios de minerales naturales y un tercio de pol\u00edmeros de elevada calidad (acr\u00edlico y poli\u00e9ster). Por lo tanto, encontramos los siguientes materiales:<\/p>\n<ul>\n<li>Resinas de poli\u00e9ster y\/o acr\u00edlicas para grados de termoformado<\/li>\n<li><span data-contrast=\"none\">Minerales Naturales por sus propiedades f\u00edsicas y mec\u00e1nicas y precio<\/span><span data-ccp-props=\"{&quot;134233279&quot;:true,&quot;201341983&quot;:0,&quot;335559739&quot;:160,&quot;335559740&quot;:259}\">\u00a0<\/span><\/li>\n<li><span data-contrast=\"none\">Pastas pigmentarias para trabajar la mezcla homog\u00e9nea y est\u00e9tica<\/span><span data-ccp-props=\"{&quot;134233279&quot;:true,&quot;201341983&quot;:0,&quot;335559739&quot;:160,&quot;335559740&quot;:259}\">\u00a0<\/span><\/li>\n<li><span data-contrast=\"none\">Catalizadores y promotores de la mejor calidad<\/span><span data-ccp-props=\"{&quot;134233279&quot;:true,&quot;201341983&quot;:0,&quot;335559739&quot;:160,&quot;335559740&quot;:259}\">\u00a0<\/span><\/li>\n<li><span data-contrast=\"none\">Aditivos seg\u00fan caracter\u00edsticas necesarias<\/span><\/li>\n<\/ul>\n<p>Este conjunto de componentes confiere las siguientes caracter\u00edsticas destacadas:<\/p>\n<ul>\n<li>Alta Resistencia al uso continuado, desgaste, e incluso a ambientes y funcionalidades de lo m\u00e1s exigentes. Exposici\u00f3n constante a distintos tipos de l\u00edquidos, a golpes, etc.<\/li>\n<li>Propiedades As\u00e9pticas gracias a su cuidada constituci\u00f3n sin poros y con juntas imperceptibles, impidiendo la acumulaci\u00f3n de bacterias, suciedad, etc. Id\u00f3neas para el trabajo de algunos sectores. (sin poros, juntas imperceptibles)<\/li>\n<li>Facilidad de limpieza, mantenimiento, reparaci\u00f3n y resistencia a manchas<\/li>\n<li>Opcional anti-bacterias para cumplir con normativas de trabajos e industrias<\/li>\n<\/ul>\n<h2><strong>Acabados de las de las Encimeras de Superficie Solidas<\/strong><\/h2>\n<p>Como fabricantes de Encimeras de Superficie Solida, Mobelmol proporciona el acabado necesario para incluirlas en distintos proyectos y encajar con los ambientes. Controlando el dise\u00f1o y finalmente la instalaci\u00f3n de esta se optimizan recursos y resultados.<\/p>\n<p>Consulta a continuaci\u00f3n algunas de las Encimeras de alta calidad realizadas y\u00a0contacta con Moblemol\u00a0para obtener el mejor asesoramiento y resultados que el proyecto precisa.<\/p>\n","protected":false},"excerpt":{"rendered":"<p>Mobelmol, empresa especializada en dise\u00f1ar, elaborar e instalar equipamiento y mobiliario, ofrece las mejores soluciones y productos en cuanto a\u00a0Superf\u00edcies y Encimeras. Trabajos profesionales que se adaptan totalmente al proyecto del cliente gracias a la amplia experiencia adquirida con las obras realizadas, la innovaci\u00f3n constante y los mejores materiales aplicados. De esta forma proporciona la&#8230;<\/p>\n","protected":false},"featured_media":5851,"template":"","meta":[],"product_cat":[383],"product_tag":[],"class_list":["post-5850","product","type-product","status-publish","has-post-thumbnail","hentry","product_cat-encimeras-fenolicas"],"acf":[],"yoast_head":"<!-- This site is optimized with the Yoast SEO plugin v17.8 - https:\/\/yoast.com\/wordpress\/plugins\/seo\/ -->\n<title>Empresa de Encimeras Hidrofugas y Resistentes \u2013 Mobelmol<\/title>\n<meta name=\"description\" content=\"Fabricamos e Instalamos Encimeras Hidrofugas y Resistentes que se adaptan usos y ambientes exigentes. Consulta para m\u00e1s informaci\u00f3n.\" \/>\n<meta name=\"robots\" content=\"index, follow, max-snippet:-1, max-image-preview:large, max-video-preview:-1\" \/>\n<link rel=\"canonical\" href=\"https:\/\/www.mobelmol.com\/es\/producto\/encimera-hidrofuga-solido-de-superficie\/\" \/>\n<meta property=\"og:locale\" content=\"es_ES\" \/>\n<meta property=\"og:type\" content=\"article\" \/>\n<meta property=\"og:title\" content=\"Empresa de Encimeras Hidrofugas y Resistentes \u2013 Mobelmol\" \/>\n<meta property=\"og:description\" content=\"Fabricamos e Instalamos Encimeras Hidrofugas y Resistentes que se adaptan usos y ambientes exigentes. Consulta para m\u00e1s informaci\u00f3n.\" \/>\n<meta property=\"og:url\" content=\"https:\/\/www.mobelmol.com\/es\/producto\/encimera-hidrofuga-solido-de-superficie\/\" \/>\n<meta property=\"og:site_name\" content=\"Mobelmol\" \/>\n<meta property=\"article:modified_time\" content=\"2022-08-23T11:38:31+00:00\" \/>\n<meta property=\"og:image\" content=\"https:\/\/www.mobelmol.com\/wp-content\/uploads\/2021\/09\/Encimera-material-solido-1-1.jpg\" \/>\n\t<meta property=\"og:image:width\" content=\"750\" \/>\n\t<meta property=\"og:image:height\" content=\"613\" \/>\n<meta name=\"twitter:card\" content=\"summary_large_image\" \/>\n<meta name=\"twitter:label1\" content=\"Tiempo de lectura\" \/>\n\t<meta name=\"twitter:data1\" content=\"2 minutos\" \/>\n<script type=\"application\/ld+json\" class=\"yoast-schema-graph\">{\"@context\":\"https:\/\/schema.org\",\"@graph\":[{\"@type\":\"Organization\",\"@id\":\"https:\/\/www.mobelmol.com\/es\/#organization\",\"name\":\"Mobelmol\",\"url\":\"https:\/\/www.mobelmol.com\/es\/\",\"sameAs\":[],\"logo\":{\"@type\":\"ImageObject\",\"@id\":\"https:\/\/www.mobelmol.com\/es\/#logo\",\"inLanguage\":\"es\",\"url\":\"https:\/\/www.mobelmol.com\/wp-content\/uploads\/2021\/05\/lgo-mobelmol.svg\",\"contentUrl\":\"https:\/\/www.mobelmol.com\/wp-content\/uploads\/2021\/05\/lgo-mobelmol.svg\",\"width\":100,\"height\":100,\"caption\":\"Mobelmol\"},\"image\":{\"@id\":\"https:\/\/www.mobelmol.com\/es\/#logo\"}},{\"@type\":\"WebSite\",\"@id\":\"https:\/\/www.mobelmol.com\/es\/#website\",\"url\":\"https:\/\/www.mobelmol.com\/es\/\",\"name\":\"Mobelmol\",\"description\":\"Fabricaci\\u00f3n e instalaci\\u00f3n de equipamiento y mobiliario con panel compacto\",\"publisher\":{\"@id\":\"https:\/\/www.mobelmol.com\/es\/#organization\"},\"potentialAction\":[{\"@type\":\"SearchAction\",\"target\":{\"@type\":\"EntryPoint\",\"urlTemplate\":\"https:\/\/www.mobelmol.com\/es\/?s={search_term_string}\"},\"query-input\":\"required name=search_term_string\"}],\"inLanguage\":\"es\"},{\"@type\":\"ImageObject\",\"@id\":\"https:\/\/www.mobelmol.com\/es\/producto\/encimera-hidrofuga-solido-de-superficie\/#primaryimage\",\"inLanguage\":\"es\",\"url\":\"https:\/\/www.mobelmol.com\/wp-content\/uploads\/2021\/09\/Encimera-material-solido-1-1.jpg\",\"contentUrl\":\"https:\/\/www.mobelmol.com\/wp-content\/uploads\/2021\/09\/Encimera-material-solido-1-1.jpg\",\"width\":750,\"height\":613,\"caption\":\"Encimeras Hidrofugas\"},{\"@type\":\"WebPage\",\"@id\":\"https:\/\/www.mobelmol.com\/es\/producto\/encimera-hidrofuga-solido-de-superficie\/#webpage\",\"url\":\"https:\/\/www.mobelmol.com\/es\/producto\/encimera-hidrofuga-solido-de-superficie\/\",\"name\":\"Empresa de Encimeras Hidrofugas y Resistentes \\u2013 Mobelmol\",\"isPartOf\":{\"@id\":\"https:\/\/www.mobelmol.com\/es\/#website\"},\"primaryImageOfPage\":{\"@id\":\"https:\/\/www.mobelmol.com\/es\/producto\/encimera-hidrofuga-solido-de-superficie\/#primaryimage\"},\"datePublished\":\"2021-09-06T10:48:37+00:00\",\"dateModified\":\"2022-08-23T11:38:31+00:00\",\"description\":\"Fabricamos e Instalamos Encimeras Hidrofugas y Resistentes que se adaptan usos y ambientes exigentes. Consulta para m\\u00e1s informaci\\u00f3n.\",\"breadcrumb\":{\"@id\":\"https:\/\/www.mobelmol.com\/es\/producto\/encimera-hidrofuga-solido-de-superficie\/#breadcrumb\"},\"inLanguage\":\"es\",\"potentialAction\":[{\"@type\":\"ReadAction\",\"target\":[\"https:\/\/www.mobelmol.com\/es\/producto\/encimera-hidrofuga-solido-de-superficie\/\"]}]},{\"@type\":\"BreadcrumbList\",\"@id\":\"https:\/\/www.mobelmol.com\/es\/producto\/encimera-hidrofuga-solido-de-superficie\/#breadcrumb\",\"itemListElement\":[{\"@type\":\"ListItem\",\"position\":1,\"name\":\"Portada\",\"item\":\"https:\/\/www.mobelmol.com\/es\/\"},{\"@type\":\"ListItem\",\"position\":2,\"name\":\"Productos\",\"item\":\"https:\/\/www.mobelmol.com\/es\/productos-mobiliario-vestuarios-revestimientos\/\"},{\"@type\":\"ListItem\",\"position\":3,\"name\":\"Encimera s\\u00f3lido de superficie\"}]}]}<\/script>\n<!-- \/ Yoast SEO plugin. -->","yoast_head_json":{"title":"Empresa de Encimeras Hidrofugas y Resistentes \u2013 Mobelmol","description":"Fabricamos e Instalamos Encimeras Hidrofugas y Resistentes que se adaptan usos y ambientes exigentes. Consulta para m\u00e1s informaci\u00f3n.","robots":{"index":"index","follow":"follow","max-snippet":"max-snippet:-1","max-image-preview":"max-image-preview:large","max-video-preview":"max-video-preview:-1"},"canonical":"https:\/\/www.mobelmol.com\/es\/producto\/encimera-hidrofuga-solido-de-superficie\/","og_locale":"es_ES","og_type":"article","og_title":"Empresa de Encimeras Hidrofugas y Resistentes \u2013 Mobelmol","og_description":"Fabricamos e Instalamos Encimeras Hidrofugas y Resistentes que se adaptan usos y ambientes exigentes. Consulta para m\u00e1s informaci\u00f3n.","og_url":"https:\/\/www.mobelmol.com\/es\/producto\/encimera-hidrofuga-solido-de-superficie\/","og_site_name":"Mobelmol","article_modified_time":"2022-08-23T11:38:31+00:00","og_image":[{"width":750,"height":613,"url":"https:\/\/www.mobelmol.com\/wp-content\/uploads\/2021\/09\/Encimera-material-solido-1-1.jpg","type":"image\/jpeg"}],"twitter_card":"summary_large_image","twitter_misc":{"Tiempo de lectura":"2 minutos"},"schema":{"@context":"https:\/\/schema.org","@graph":[{"@type":"Organization","@id":"https:\/\/www.mobelmol.com\/es\/#organization","name":"Mobelmol","url":"https:\/\/www.mobelmol.com\/es\/","sameAs":[],"logo":{"@type":"ImageObject","@id":"https:\/\/www.mobelmol.com\/es\/#logo","inLanguage":"es","url":"https:\/\/www.mobelmol.com\/wp-content\/uploads\/2021\/05\/lgo-mobelmol.svg","contentUrl":"https:\/\/www.mobelmol.com\/wp-content\/uploads\/2021\/05\/lgo-mobelmol.svg","width":100,"height":100,"caption":"Mobelmol"},"image":{"@id":"https:\/\/www.mobelmol.com\/es\/#logo"}},{"@type":"WebSite","@id":"https:\/\/www.mobelmol.com\/es\/#website","url":"https:\/\/www.mobelmol.com\/es\/","name":"Mobelmol","description":"Fabricaci\u00f3n e instalaci\u00f3n de equipamiento y mobiliario con panel compacto","publisher":{"@id":"https:\/\/www.mobelmol.com\/es\/#organization"},"potentialAction":[{"@type":"SearchAction","target":{"@type":"EntryPoint","urlTemplate":"https:\/\/www.mobelmol.com\/es\/?s={search_term_string}"},"query-input":"required name=search_term_string"}],"inLanguage":"es"},{"@type":"ImageObject","@id":"https:\/\/www.mobelmol.com\/es\/producto\/encimera-hidrofuga-solido-de-superficie\/#primaryimage","inLanguage":"es","url":"https:\/\/www.mobelmol.com\/wp-content\/uploads\/2021\/09\/Encimera-material-solido-1-1.jpg","contentUrl":"https:\/\/www.mobelmol.com\/wp-content\/uploads\/2021\/09\/Encimera-material-solido-1-1.jpg","width":750,"height":613,"caption":"Encimeras Hidrofugas"},{"@type":"WebPage","@id":"https:\/\/www.mobelmol.com\/es\/producto\/encimera-hidrofuga-solido-de-superficie\/#webpage","url":"https:\/\/www.mobelmol.com\/es\/producto\/encimera-hidrofuga-solido-de-superficie\/","name":"Empresa de Encimeras Hidrofugas y Resistentes \u2013 Mobelmol","isPartOf":{"@id":"https:\/\/www.mobelmol.com\/es\/#website"},"primaryImageOfPage":{"@id":"https:\/\/www.mobelmol.com\/es\/producto\/encimera-hidrofuga-solido-de-superficie\/#primaryimage"},"datePublished":"2021-09-06T10:48:37+00:00","dateModified":"2022-08-23T11:38:31+00:00","description":"Fabricamos e Instalamos Encimeras Hidrofugas y Resistentes que se adaptan usos y ambientes exigentes. Consulta para m\u00e1s informaci\u00f3n.","breadcrumb":{"@id":"https:\/\/www.mobelmol.com\/es\/producto\/encimera-hidrofuga-solido-de-superficie\/#breadcrumb"},"inLanguage":"es","potentialAction":[{"@type":"ReadAction","target":["https:\/\/www.mobelmol.com\/es\/producto\/encimera-hidrofuga-solido-de-superficie\/"]}]},{"@type":"BreadcrumbList","@id":"https:\/\/www.mobelmol.com\/es\/producto\/encimera-hidrofuga-solido-de-superficie\/#breadcrumb","itemListElement":[{"@type":"ListItem","position":1,"name":"Portada","item":"https:\/\/www.mobelmol.com\/es\/"},{"@type":"ListItem","position":2,"name":"Productos","item":"https:\/\/www.mobelmol.com\/es\/productos-mobiliario-vestuarios-revestimientos\/"},{"@type":"ListItem","position":3,"name":"Encimera s\u00f3lido de superficie"}]}]}},"_links":{"self":[{"href":"https:\/\/www.mobelmol.com\/es\/wp-json\/wp\/v2\/product\/5850","targetHints":{"allow":["GET"]}}],"collection":[{"href":"https:\/\/www.mobelmol.com\/es\/wp-json\/wp\/v2\/product"}],"about":[{"href":"https:\/\/www.mobelmol.com\/es\/wp-json\/wp\/v2\/types\/product"}],"wp:featuredmedia":[{"embeddable":true,"href":"https:\/\/www.mobelmol.com\/es\/wp-json\/wp\/v2\/media\/5851"}],"wp:attachment":[{"href":"https:\/\/www.mobelmol.com\/es\/wp-json\/wp\/v2\/media?parent=5850"}],"wp:term":[{"taxonomy":"product_cat","embeddable":true,"href":"https:\/\/www.mobelmol.com\/es\/wp-json\/wp\/v2\/product_cat?post=5850"},{"taxonomy":"product_tag","embeddable":true,"href":"https:\/\/www.mobelmol.com\/es\/wp-json\/wp\/v2\/product_tag?post=5850"}],"curies":[{"name":"wp","href":"https:\/\/api.w.org\/{rel}","templated":true}]}}