{"id":6379,"date":"2021-10-15T11:05:16","date_gmt":"2021-10-15T11:05:16","guid":{"rendered":"https:\/\/mobelmol.mmkt.dev\/?post_type=product&#038;p=6379"},"modified":"2023-11-02T14:27:49","modified_gmt":"2023-11-02T14:27:49","slug":"fabricacion-taquillas-especiales","status":"publish","type":"product","link":"https:\/\/www.mobelmol.com\/es\/producto\/fabricacion-taquillas-especiales\/","title":{"rendered":"Taquillas especiales"},"content":{"rendered":"<p>Como fabricantes e instaladores, la empresa Mobelmol controla al m\u00e1ximo cada componente, que, sumado a la experiencia ganada con los a\u00f1os, permite el dise\u00f1o y elaboraci\u00f3n de distintas soluciones de taquillas para vestuario a medida, que se adaptan en color, espacio, acabado, grosor, etc.<\/p>\n<p>El departamento t\u00e9cnico puede dise\u00f1ar cualquier producto especial que, por el tipo de distribuci\u00f3n, material o medidas se adapte a una necesidad muy espec\u00edfica de nuestros clientes. Cada proyecto es \u00fanico en funcionalidad y acabados.<\/p>\n<h2>Usos de las Taquillas a medida Especiales<\/h2>\n<p>Distintas profesiones y negocios se benefician de la fabricaci\u00f3n exclusiva y adaptable de este tipo de taquillas de vestuario, oficina, locales, despacho, etc.:<\/p>\n<ul>\n<li>Polic\u00eda<\/li>\n<li>Bomberos<\/li>\n<li>Sky<\/li>\n<li>Casilleros<\/li>\n<li>Laboratorios o Salas Blancas con ventilaci\u00f3n forzada en su interior<\/li>\n<li>Dispensadores de ropa laboral<\/li>\n<li>Industria Alimentaci\u00f3n.<\/li>\n<\/ul>\n<h2>Caracter\u00edsticas de las taquillas a medida<\/h2>\n<p>Como el nombre indica, estas taquillas especiales est\u00e1n dise\u00f1adas a medida, y, por lo tanto, adapt\u00e1ndose a distintas necesidades. A continuaci\u00f3n, enumeramos algunas de las caracter\u00edsticas que pueden disponer nuestras taquillas a medida:<\/p>\n<ul>\n<li>Distintas taquillas por fila<\/li>\n<li>Con banco incorporado<\/li>\n<li>Techo inclinado<\/li>\n<li>Con percha incorporada<\/li>\n<li>Con ventilaci\u00f3n forzada interior y formaci\u00f3n de conductos de aire.<\/li>\n<li>Para reposici\u00f3n de ropa laboral.<\/li>\n<li>Casilleros con o sin puerta<\/li>\n<li>Posibilidad de puertas en L<\/li>\n<li>Distintas Cerraduras: de resbal\u00f3n o de moneda amaestrada, de combinaci\u00f3n, para candado, de teclado electr\u00f3nico programable, con chip de proximidad\u2026<\/li>\n<li>Pies regulables de P.V.C., de acero inoxidable o con z\u00f3calo.<\/li>\n<li>Remates laterales, remates a techo, integraci\u00f3n de pilares.<\/li>\n<\/ul>\n<p>Disponemos de m\u00faltiples opciones adaptables. Todo elaborado con materiales de primera calidad y obteniendo el mejor acabado.<\/p>\n<h2>Fabricaci\u00f3n de taquillas especiales<\/h2>\n<p>Al controlar desde el dise\u00f1o y fabricaci\u00f3n de las taquillas especiales hasta su instalaci\u00f3n, en Mobelmol nos adaptamos totalmente a cada necesidad del cliente, implementando con \u00e9xito nuestras taquillas a medida en todo tipo de situaciones. Para poder estudiar su caso,\u00a0<a href=\"https:\/\/www.mobelmol.com\/contacto-fenolico-construccion\/\">cont\u00e1ctenos aqu<\/a>\u00ed.<\/p>\n","protected":false},"excerpt":{"rendered":"<p>Como fabricantes e instaladores, la empresa Mobelmol controla al m\u00e1ximo cada componente, que, sumado a la experiencia ganada con los a\u00f1os, permite el dise\u00f1o y elaboraci\u00f3n de distintas soluciones de taquillas para vestuario a medida, que se adaptan en color, espacio, acabado, grosor, etc. El departamento t\u00e9cnico puede dise\u00f1ar cualquier producto especial que, por el&#8230;<\/p>\n","protected":false},"featured_media":6380,"template":"","meta":[],"product_cat":[15,413],"product_tag":[],"class_list":["post-6379","product","type-product","status-publish","has-post-thumbnail","hentry","product_cat-taquillas-vestuarios","product_cat-taquillas-a-medida-vestuarios-fenolicas"],"acf":[],"yoast_head":"<!-- This site is optimized with the Yoast SEO plugin v17.8 - https:\/\/yoast.com\/wordpress\/plugins\/seo\/ -->\n<title>Fabricaci\u00f3n de Taquillas: Innovaci\u00f3n y Dise\u00f1o Personalizado \u2013 Mobelmol<\/title>\n<meta name=\"description\" content=\"Descubre las posibilidades gracias a la especialidad de Mobelmol en fabricaci\u00f3n de taquillas. T\u00e9cnicas modernas y materiales de primera.\" \/>\n<meta name=\"robots\" content=\"index, follow, max-snippet:-1, max-image-preview:large, max-video-preview:-1\" \/>\n<link rel=\"canonical\" href=\"https:\/\/www.mobelmol.com\/es\/producto\/fabricacion-taquillas-especiales\/\" \/>\n<meta property=\"og:locale\" content=\"es_ES\" \/>\n<meta property=\"og:type\" content=\"article\" \/>\n<meta property=\"og:title\" content=\"Fabricaci\u00f3n de Taquillas: Innovaci\u00f3n y Dise\u00f1o Personalizado \u2013 Mobelmol\" \/>\n<meta property=\"og:description\" content=\"Descubre las posibilidades gracias a la especialidad de Mobelmol en fabricaci\u00f3n de taquillas. T\u00e9cnicas modernas y materiales de primera.\" \/>\n<meta property=\"og:url\" content=\"https:\/\/www.mobelmol.com\/es\/producto\/fabricacion-taquillas-especiales\/\" \/>\n<meta property=\"og:site_name\" content=\"Mobelmol\" \/>\n<meta property=\"article:modified_time\" content=\"2023-11-02T14:27:49+00:00\" \/>\n<meta property=\"og:image\" content=\"https:\/\/www.mobelmol.com\/wp-content\/uploads\/2021\/10\/puratos-017-1.jpg\" \/>\n\t<meta property=\"og:image:width\" content=\"1034\" \/>\n\t<meta property=\"og:image:height\" content=\"687\" \/>\n<meta name=\"twitter:card\" content=\"summary_large_image\" \/>\n<meta name=\"twitter:label1\" content=\"Tiempo de lectura\" \/>\n\t<meta name=\"twitter:data1\" content=\"2 minutos\" \/>\n<script type=\"application\/ld+json\" class=\"yoast-schema-graph\">{\"@context\":\"https:\/\/schema.org\",\"@graph\":[{\"@type\":\"Organization\",\"@id\":\"https:\/\/www.mobelmol.com\/es\/#organization\",\"name\":\"Mobelmol\",\"url\":\"https:\/\/www.mobelmol.com\/es\/\",\"sameAs\":[],\"logo\":{\"@type\":\"ImageObject\",\"@id\":\"https:\/\/www.mobelmol.com\/es\/#logo\",\"inLanguage\":\"es\",\"url\":\"https:\/\/www.mobelmol.com\/wp-content\/uploads\/2021\/05\/lgo-mobelmol.svg\",\"contentUrl\":\"https:\/\/www.mobelmol.com\/wp-content\/uploads\/2021\/05\/lgo-mobelmol.svg\",\"width\":100,\"height\":100,\"caption\":\"Mobelmol\"},\"image\":{\"@id\":\"https:\/\/www.mobelmol.com\/es\/#logo\"}},{\"@type\":\"WebSite\",\"@id\":\"https:\/\/www.mobelmol.com\/es\/#website\",\"url\":\"https:\/\/www.mobelmol.com\/es\/\",\"name\":\"Mobelmol\",\"description\":\"Fabricaci\\u00f3n e instalaci\\u00f3n de equipamiento y mobiliario con panel compacto\",\"publisher\":{\"@id\":\"https:\/\/www.mobelmol.com\/es\/#organization\"},\"potentialAction\":[{\"@type\":\"SearchAction\",\"target\":{\"@type\":\"EntryPoint\",\"urlTemplate\":\"https:\/\/www.mobelmol.com\/es\/?s={search_term_string}\"},\"query-input\":\"required name=search_term_string\"}],\"inLanguage\":\"es\"},{\"@type\":\"ImageObject\",\"@id\":\"https:\/\/www.mobelmol.com\/es\/producto\/fabricacion-taquillas-especiales\/#primaryimage\",\"inLanguage\":\"es\",\"url\":\"https:\/\/www.mobelmol.com\/wp-content\/uploads\/2021\/10\/puratos-017-1.jpg\",\"contentUrl\":\"https:\/\/www.mobelmol.com\/wp-content\/uploads\/2021\/10\/puratos-017-1.jpg\",\"width\":1034,\"height\":687,\"caption\":\"taquillas a medida\"},{\"@type\":\"WebPage\",\"@id\":\"https:\/\/www.mobelmol.com\/es\/producto\/fabricacion-taquillas-especiales\/#webpage\",\"url\":\"https:\/\/www.mobelmol.com\/es\/producto\/fabricacion-taquillas-especiales\/\",\"name\":\"Fabricaci\\u00f3n de Taquillas: Innovaci\\u00f3n y Dise\\u00f1o Personalizado \\u2013 Mobelmol\",\"isPartOf\":{\"@id\":\"https:\/\/www.mobelmol.com\/es\/#website\"},\"primaryImageOfPage\":{\"@id\":\"https:\/\/www.mobelmol.com\/es\/producto\/fabricacion-taquillas-especiales\/#primaryimage\"},\"datePublished\":\"2021-10-15T11:05:16+00:00\",\"dateModified\":\"2023-11-02T14:27:49+00:00\",\"description\":\"Descubre las posibilidades gracias a la especialidad de Mobelmol en fabricaci\\u00f3n de taquillas. T\\u00e9cnicas modernas y materiales de primera.\",\"breadcrumb\":{\"@id\":\"https:\/\/www.mobelmol.com\/es\/producto\/fabricacion-taquillas-especiales\/#breadcrumb\"},\"inLanguage\":\"es\",\"potentialAction\":[{\"@type\":\"ReadAction\",\"target\":[\"https:\/\/www.mobelmol.com\/es\/producto\/fabricacion-taquillas-especiales\/\"]}]},{\"@type\":\"BreadcrumbList\",\"@id\":\"https:\/\/www.mobelmol.com\/es\/producto\/fabricacion-taquillas-especiales\/#breadcrumb\",\"itemListElement\":[{\"@type\":\"ListItem\",\"position\":1,\"name\":\"Portada\",\"item\":\"https:\/\/www.mobelmol.com\/es\/\"},{\"@type\":\"ListItem\",\"position\":2,\"name\":\"Productos\",\"item\":\"https:\/\/www.mobelmol.com\/es\/productos-mobiliario-vestuarios-revestimientos\/\"},{\"@type\":\"ListItem\",\"position\":3,\"name\":\"Taquillas especiales\"}]}]}<\/script>\n<!-- \/ Yoast SEO plugin. -->","yoast_head_json":{"title":"Fabricaci\u00f3n de Taquillas: Innovaci\u00f3n y Dise\u00f1o Personalizado \u2013 Mobelmol","description":"Descubre las posibilidades gracias a la especialidad de Mobelmol en fabricaci\u00f3n de taquillas. T\u00e9cnicas modernas y materiales de primera.","robots":{"index":"index","follow":"follow","max-snippet":"max-snippet:-1","max-image-preview":"max-image-preview:large","max-video-preview":"max-video-preview:-1"},"canonical":"https:\/\/www.mobelmol.com\/es\/producto\/fabricacion-taquillas-especiales\/","og_locale":"es_ES","og_type":"article","og_title":"Fabricaci\u00f3n de Taquillas: Innovaci\u00f3n y Dise\u00f1o Personalizado \u2013 Mobelmol","og_description":"Descubre las posibilidades gracias a la especialidad de Mobelmol en fabricaci\u00f3n de taquillas. T\u00e9cnicas modernas y materiales de primera.","og_url":"https:\/\/www.mobelmol.com\/es\/producto\/fabricacion-taquillas-especiales\/","og_site_name":"Mobelmol","article_modified_time":"2023-11-02T14:27:49+00:00","og_image":[{"width":1034,"height":687,"url":"https:\/\/www.mobelmol.com\/wp-content\/uploads\/2021\/10\/puratos-017-1.jpg","type":"image\/jpeg"}],"twitter_card":"summary_large_image","twitter_misc":{"Tiempo de lectura":"2 minutos"},"schema":{"@context":"https:\/\/schema.org","@graph":[{"@type":"Organization","@id":"https:\/\/www.mobelmol.com\/es\/#organization","name":"Mobelmol","url":"https:\/\/www.mobelmol.com\/es\/","sameAs":[],"logo":{"@type":"ImageObject","@id":"https:\/\/www.mobelmol.com\/es\/#logo","inLanguage":"es","url":"https:\/\/www.mobelmol.com\/wp-content\/uploads\/2021\/05\/lgo-mobelmol.svg","contentUrl":"https:\/\/www.mobelmol.com\/wp-content\/uploads\/2021\/05\/lgo-mobelmol.svg","width":100,"height":100,"caption":"Mobelmol"},"image":{"@id":"https:\/\/www.mobelmol.com\/es\/#logo"}},{"@type":"WebSite","@id":"https:\/\/www.mobelmol.com\/es\/#website","url":"https:\/\/www.mobelmol.com\/es\/","name":"Mobelmol","description":"Fabricaci\u00f3n e instalaci\u00f3n de equipamiento y mobiliario con panel compacto","publisher":{"@id":"https:\/\/www.mobelmol.com\/es\/#organization"},"potentialAction":[{"@type":"SearchAction","target":{"@type":"EntryPoint","urlTemplate":"https:\/\/www.mobelmol.com\/es\/?s={search_term_string}"},"query-input":"required name=search_term_string"}],"inLanguage":"es"},{"@type":"ImageObject","@id":"https:\/\/www.mobelmol.com\/es\/producto\/fabricacion-taquillas-especiales\/#primaryimage","inLanguage":"es","url":"https:\/\/www.mobelmol.com\/wp-content\/uploads\/2021\/10\/puratos-017-1.jpg","contentUrl":"https:\/\/www.mobelmol.com\/wp-content\/uploads\/2021\/10\/puratos-017-1.jpg","width":1034,"height":687,"caption":"taquillas a medida"},{"@type":"WebPage","@id":"https:\/\/www.mobelmol.com\/es\/producto\/fabricacion-taquillas-especiales\/#webpage","url":"https:\/\/www.mobelmol.com\/es\/producto\/fabricacion-taquillas-especiales\/","name":"Fabricaci\u00f3n de Taquillas: Innovaci\u00f3n y Dise\u00f1o Personalizado \u2013 Mobelmol","isPartOf":{"@id":"https:\/\/www.mobelmol.com\/es\/#website"},"primaryImageOfPage":{"@id":"https:\/\/www.mobelmol.com\/es\/producto\/fabricacion-taquillas-especiales\/#primaryimage"},"datePublished":"2021-10-15T11:05:16+00:00","dateModified":"2023-11-02T14:27:49+00:00","description":"Descubre las posibilidades gracias a la especialidad de Mobelmol en fabricaci\u00f3n de taquillas. T\u00e9cnicas modernas y materiales de primera.","breadcrumb":{"@id":"https:\/\/www.mobelmol.com\/es\/producto\/fabricacion-taquillas-especiales\/#breadcrumb"},"inLanguage":"es","potentialAction":[{"@type":"ReadAction","target":["https:\/\/www.mobelmol.com\/es\/producto\/fabricacion-taquillas-especiales\/"]}]},{"@type":"BreadcrumbList","@id":"https:\/\/www.mobelmol.com\/es\/producto\/fabricacion-taquillas-especiales\/#breadcrumb","itemListElement":[{"@type":"ListItem","position":1,"name":"Portada","item":"https:\/\/www.mobelmol.com\/es\/"},{"@type":"ListItem","position":2,"name":"Productos","item":"https:\/\/www.mobelmol.com\/es\/productos-mobiliario-vestuarios-revestimientos\/"},{"@type":"ListItem","position":3,"name":"Taquillas especiales"}]}]}},"_links":{"self":[{"href":"https:\/\/www.mobelmol.com\/es\/wp-json\/wp\/v2\/product\/6379","targetHints":{"allow":["GET"]}}],"collection":[{"href":"https:\/\/www.mobelmol.com\/es\/wp-json\/wp\/v2\/product"}],"about":[{"href":"https:\/\/www.mobelmol.com\/es\/wp-json\/wp\/v2\/types\/product"}],"wp:featuredmedia":[{"embeddable":true,"href":"https:\/\/www.mobelmol.com\/es\/wp-json\/wp\/v2\/media\/6380"}],"wp:attachment":[{"href":"https:\/\/www.mobelmol.com\/es\/wp-json\/wp\/v2\/media?parent=6379"}],"wp:term":[{"taxonomy":"product_cat","embeddable":true,"href":"https:\/\/www.mobelmol.com\/es\/wp-json\/wp\/v2\/product_cat?post=6379"},{"taxonomy":"product_tag","embeddable":true,"href":"https:\/\/www.mobelmol.com\/es\/wp-json\/wp\/v2\/product_tag?post=6379"}],"curies":[{"name":"wp","href":"https:\/\/api.w.org\/{rel}","templated":true}]}}